{"id":44,"date":"2010-11-22T09:55:34","date_gmt":"2010-11-22T09:55:34","guid":{"rendered":"http:\/\/www.bildanagramme.de\/blog\/cms\/?page_id=44"},"modified":"2015-08-04T08:24:01","modified_gmt":"2015-08-04T08:24:01","slug":"forderer","status":"publish","type":"page","link":"http:\/\/www.kuwilabor.de\/?page_id=44","title":{"rendered":""},"content":{"rendered":"<ul>\n<li>Lehrstuhl f\u00fcr Experimentalphysik V (Prof. Dr. Alois Loidl)<\/li>\n<li>Lehrstuhl f\u00fcr Kunstp\u00e4dagogik (Prof. Dr. Konstanze Kirchner)<\/li>\n<li>Lehrstuhl f\u00fcr Multimedia-Konzepte und ihre Anwendungen (Prof. Dr. Elisabeth Andr\u00e9)<\/li>\n<li>Lehrstuhl f\u00fcr Experimentalphysik I (Prof. Dr. Achim Wixforth)<\/li>\n<li>Medienlabor (Dr. Ulrich Fahner)<\/li>\n<li>Textil- und Industriemuseum Augsburg (TIM)<\/li>\n<li>Lab30, Kunstlabor Augsburg<\/li>\n<li>Escape &#8211; International Performance Art Festival, Berlin<\/li>\n<li>Ars Electronica Festival, Linz<\/li>\n<\/ul>\n","protected":false},"excerpt":{"rendered":"<p>Lehrstuhl f\u00fcr Experimentalphysik V (Prof. Dr. Alois Loidl) Lehrstuhl f\u00fcr Kunstp\u00e4dagogik (Prof. Dr. Konstanze Kirchner) Lehrstuhl f\u00fcr Multimedia-Konzepte und ihre Anwendungen (Prof. Dr. Elisabeth Andr\u00e9) Lehrstuhl f\u00fcr Experimentalphysik I (Prof. Dr. Achim Wixforth) Medienlabor (Dr. Ulrich Fahner) Textil- und Industriemuseum &hellip; <a href=\"http:\/\/www.kuwilabor.de\/?page_id=44\">Weiterlesen <span class=\"meta-nav\">&rarr;<\/span><\/a><\/p>\n","protected":false},"author":1,"featured_media":2483,"parent":0,"menu_order":0,"comment_status":"closed","ping_status":"closed","template":"","meta":{"footnotes":""},"class_list":["post-44","page","type-page","status-publish","has-post-thumbnail","hentry"],"_links":{"self":[{"href":"http:\/\/www.kuwilabor.de\/index.php?rest_route=\/wp\/v2\/pages\/44","targetHints":{"allow":["GET"]}}],"collection":[{"href":"http:\/\/www.kuwilabor.de\/index.php?rest_route=\/wp\/v2\/pages"}],"about":[{"href":"http:\/\/www.kuwilabor.de\/index.php?rest_route=\/wp\/v2\/types\/page"}],"author":[{"embeddable":true,"href":"http:\/\/www.kuwilabor.de\/index.php?rest_route=\/wp\/v2\/users\/1"}],"replies":[{"embeddable":true,"href":"http:\/\/www.kuwilabor.de\/index.php?rest_route=%2Fwp%2Fv2%2Fcomments&post=44"}],"version-history":[{"count":70,"href":"http:\/\/www.kuwilabor.de\/index.php?rest_route=\/wp\/v2\/pages\/44\/revisions"}],"predecessor-version":[{"id":3940,"href":"http:\/\/www.kuwilabor.de\/index.php?rest_route=\/wp\/v2\/pages\/44\/revisions\/3940"}],"wp:featuredmedia":[{"embeddable":true,"href":"http:\/\/www.kuwilabor.de\/index.php?rest_route=\/wp\/v2\/media\/2483"}],"wp:attachment":[{"href":"http:\/\/www.kuwilabor.de\/index.php?rest_route=%2Fwp%2Fv2%2Fmedia&parent=44"}],"curies":[{"name":"wp","href":"https:\/\/api.w.org\/{rel}","templated":true}]}}